{"id":495,"date":"2024-02-15T11:43:36","date_gmt":"2024-02-15T10:43:36","guid":{"rendered":"https:\/\/laitthymsel05.fr\/?page_id=495"},"modified":"2024-02-16T11:29:02","modified_gmt":"2024-02-16T10:29:02","slug":"restaurant-lait-thym-sel-2","status":"publish","type":"page","link":"https:\/\/laitthymsel05.fr\/index.php\/restaurant-lait-thym-sel-2\/","title":{"rendered":"Restaurant"},"content":{"rendered":"\t\t<div data-elementor-type=\"wp-page\" data-elementor-id=\"495\" class=\"elementor elementor-495\">\n\t\t\t\t\t\t\t<div class=\"elementor-element elementor-element-4d82a8b e-flex e-con-boxed e-con e-parent\" data-id=\"4d82a8b\" data-element_type=\"container\" data-settings=\"{&quot;content_width&quot;:&quot;boxed&quot;}\" data-core-v316-plus=\"true\">\n\t\t\t\t\t<div class=\"e-con-inner\">\n\t\t\t\t<div class=\"elementor-element elementor-element-44c3dd5 elementor-invisible elementor-widget elementor-widget-heading\" data-id=\"44c3dd5\" data-element_type=\"widget\" data-settings=\"{&quot;_animation&quot;:&quot;fadeInUpShorter&quot;}\" data-widget_type=\"heading.default\">\n\t\t\t\t<div class=\"elementor-widget-container\">\n\t\t\t<style>\/*! elementor - v3.17.0 - 08-11-2023 *\/\n.elementor-heading-title{padding:0;margin:0;line-height:1}.elementor-widget-heading .elementor-heading-title[class*=elementor-size-]>a{color:inherit;font-size:inherit;line-height:inherit}.elementor-widget-heading .elementor-heading-title.elementor-size-small{font-size:15px}.elementor-widget-heading .elementor-heading-title.elementor-size-medium{font-size:19px}.elementor-widget-heading .elementor-heading-title.elementor-size-large{font-size:29px}.elementor-widget-heading .elementor-heading-title.elementor-size-xl{font-size:39px}.elementor-widget-heading .elementor-heading-title.elementor-size-xxl{font-size:59px}<\/style><h2 class=\"elementor-heading-title elementor-size-default\">Notre Restaurant<\/h2>\t\t<\/div>\n\t\t\t\t<\/div>\n\t\t\t\t\t<\/div>\n\t\t\t\t<\/div>\n\t\t<div class=\"elementor-element elementor-element-e42108c e-flex e-con-boxed e-con e-parent\" data-id=\"e42108c\" data-element_type=\"container\" data-settings=\"{&quot;content_width&quot;:&quot;boxed&quot;}\" data-core-v316-plus=\"true\">\n\t\t\t\t\t<div class=\"e-con-inner\">\n\t\t\t\t<div class=\"elementor-element elementor-element-bb4b744 elementor-invisible elementor-widget elementor-widget-image\" data-id=\"bb4b744\" data-element_type=\"widget\" data-settings=\"{&quot;_animation&quot;:&quot;fadeInUp&quot;}\" data-widget_type=\"image.default\">\n\t\t\t\t<div class=\"elementor-widget-container\">\n\t\t\t<style>\/*! elementor - v3.17.0 - 08-11-2023 *\/\n.elementor-widget-image{text-align:center}.elementor-widget-image a{display:inline-block}.elementor-widget-image a img[src$=\".svg\"]{width:48px}.elementor-widget-image img{vertical-align:middle;display:inline-block}<\/style>\t\t\t\t\t\t\t\t\t\t\t\t<img fetchpriority=\"high\" decoding=\"async\" width=\"1024\" height=\"512\" src=\"https:\/\/laitthymsel05.fr\/wp-content\/uploads\/2024\/02\/Restaurant-gap-lait-thym-sel.png\" class=\"attachment-large size-large wp-image-507\" alt=\"Restaurant Gap Lait Thym Sel : cuisine artisanale faite avec passion\" srcset=\"https:\/\/laitthymsel05.fr\/wp-content\/uploads\/2024\/02\/Restaurant-gap-lait-thym-sel.png 1024w, https:\/\/laitthymsel05.fr\/wp-content\/uploads\/2024\/02\/Restaurant-gap-lait-thym-sel-300x150.png 300w, https:\/\/laitthymsel05.fr\/wp-content\/uploads\/2024\/02\/Restaurant-gap-lait-thym-sel-768x384.png 768w, https:\/\/laitthymsel05.fr\/wp-content\/uploads\/2024\/02\/Restaurant-gap-lait-thym-sel-920x460.png 920w, https:\/\/laitthymsel05.fr\/wp-content\/uploads\/2024\/02\/Restaurant-gap-lait-thym-sel-575x288.png 575w, https:\/\/laitthymsel05.fr\/wp-content\/uploads\/2024\/02\/Restaurant-gap-lait-thym-sel-380x190.png 380w, https:\/\/laitthymsel05.fr\/wp-content\/uploads\/2024\/02\/Restaurant-gap-lait-thym-sel-420x210.png 420w, https:\/\/laitthymsel05.fr\/wp-content\/uploads\/2024\/02\/Restaurant-gap-lait-thym-sel-800x400.png 800w\" sizes=\"(max-width: 1024px) 100vw, 1024px\" \/>\t\t\t\t\t\t\t\t\t\t\t\t\t\t\t<\/div>\n\t\t\t\t<\/div>\n\t\t\t\t\t<\/div>\n\t\t\t\t<\/div>\n\t\t<div class=\"elementor-element elementor-element-be73bba e-flex e-con-boxed e-con e-parent\" data-id=\"be73bba\" data-element_type=\"container\" data-settings=\"{&quot;content_width&quot;:&quot;boxed&quot;}\" data-core-v316-plus=\"true\">\n\t\t\t\t\t<div class=\"e-con-inner\">\n\t\t\t\t<div class=\"elementor-element elementor-element-9b9c368 elementor-invisible elementor-widget elementor-widget-heading\" data-id=\"9b9c368\" data-element_type=\"widget\" data-settings=\"{&quot;_animation&quot;:&quot;fadeInUpShorter&quot;}\" data-widget_type=\"heading.default\">\n\t\t\t\t<div class=\"elementor-widget-container\">\n\t\t\t<h3 class=\"elementor-heading-title elementor-size-default\">D\u00e9couvrez Lait Thym Sel : Votre Restaurant \u00e0 Gap\n<\/h3>\t\t<\/div>\n\t\t\t\t<\/div>\n\t\t\t\t\t<\/div>\n\t\t\t\t<\/div>\n\t\t<div class=\"elementor-element elementor-element-7487d98 e-flex e-con-boxed e-con e-parent\" data-id=\"7487d98\" data-element_type=\"container\" data-settings=\"{&quot;content_width&quot;:&quot;boxed&quot;}\" data-core-v316-plus=\"true\">\n\t\t\t\t\t<div class=\"e-con-inner\">\n\t\t\t\t<div class=\"elementor-element elementor-element-e455539 elementor-widget elementor-widget-spacer\" data-id=\"e455539\" data-element_type=\"widget\" data-widget_type=\"spacer.default\">\n\t\t\t\t<div class=\"elementor-widget-container\">\n\t\t\t<style>\/*! elementor - v3.17.0 - 08-11-2023 *\/\n.elementor-column .elementor-spacer-inner{height:var(--spacer-size)}.e-con{--container-widget-width:100%}.e-con-inner>.elementor-widget-spacer,.e-con>.elementor-widget-spacer{width:var(--container-widget-width,var(--spacer-size));--align-self:var(--container-widget-align-self,initial);--flex-shrink:0}.e-con-inner>.elementor-widget-spacer>.elementor-widget-container,.e-con>.elementor-widget-spacer>.elementor-widget-container{height:100%;width:100%}.e-con-inner>.elementor-widget-spacer>.elementor-widget-container>.elementor-spacer,.e-con>.elementor-widget-spacer>.elementor-widget-container>.elementor-spacer{height:100%}.e-con-inner>.elementor-widget-spacer>.elementor-widget-container>.elementor-spacer>.elementor-spacer-inner,.e-con>.elementor-widget-spacer>.elementor-widget-container>.elementor-spacer>.elementor-spacer-inner{height:var(--container-widget-height,var(--spacer-size))}.e-con-inner>.elementor-widget-spacer.elementor-widget-empty,.e-con>.elementor-widget-spacer.elementor-widget-empty{position:relative;min-height:22px;min-width:22px}.e-con-inner>.elementor-widget-spacer.elementor-widget-empty .elementor-widget-empty-icon,.e-con>.elementor-widget-spacer.elementor-widget-empty .elementor-widget-empty-icon{position:absolute;top:0;bottom:0;left:0;right:0;margin:auto;padding:0;width:22px;height:22px}<\/style>\t\t<div class=\"elementor-spacer\">\n\t\t\t<div class=\"elementor-spacer-inner\"><\/div>\n\t\t<\/div>\n\t\t\t\t<\/div>\n\t\t\t\t<\/div>\n\t\t\t\t<div class=\"elementor-element elementor-element-55f17ab elementor-invisible elementor-widget elementor-widget-heading\" data-id=\"55f17ab\" data-element_type=\"widget\" data-settings=\"{&quot;_animation&quot;:&quot;fadeInLeft&quot;}\" data-widget_type=\"heading.default\">\n\t\t\t\t<div class=\"elementor-widget-container\">\n\t\t\t<h5 class=\"elementor-heading-title elementor-size-default\">Votre destination culinaire \u00e0 Gap <\/h5>\t\t<\/div>\n\t\t\t\t<\/div>\n\t\t\t\t<div class=\"elementor-element elementor-element-c43662a elementor-widget elementor-widget-text-editor\" data-id=\"c43662a\" data-element_type=\"widget\" data-widget_type=\"text-editor.default\">\n\t\t\t\t<div class=\"elementor-widget-container\">\n\t\t\t<style>\/*! elementor - v3.17.0 - 08-11-2023 *\/\n.elementor-widget-text-editor.elementor-drop-cap-view-stacked .elementor-drop-cap{background-color:#69727d;color:#fff}.elementor-widget-text-editor.elementor-drop-cap-view-framed .elementor-drop-cap{color:#69727d;border:3px solid;background-color:transparent}.elementor-widget-text-editor:not(.elementor-drop-cap-view-default) .elementor-drop-cap{margin-top:8px}.elementor-widget-text-editor:not(.elementor-drop-cap-view-default) .elementor-drop-cap-letter{width:1em;height:1em}.elementor-widget-text-editor .elementor-drop-cap{float:left;text-align:center;line-height:1;font-size:50px}.elementor-widget-text-editor .elementor-drop-cap-letter{display:inline-block}<\/style>\t\t\t\t<p>Bienvenue chez Lait Thym Sel, un <b>havre de saveurs <\/b>nich\u00e9 au c\u0153ur de Gap, o\u00f9 l&#8217;art culinaire rencontre la passion pour les <b>produits frais et locaux<\/b>. Notre restaurant est bien plus qu&#8217;un simple lieu o\u00f9 se restaurer ; c&#8217;est une <b>exp\u00e9rience gustative authentique<\/b>, une c\u00e9l\u00e9bration de la cuisine artisanale et de la convivialit\u00e9.<\/p>\t\t\t\t\t\t<\/div>\n\t\t\t\t<\/div>\n\t\t\t\t<div class=\"elementor-element elementor-element-3f03060 elementor-invisible elementor-widget elementor-widget-heading\" data-id=\"3f03060\" data-element_type=\"widget\" data-settings=\"{&quot;_animation&quot;:&quot;fadeInRight&quot;}\" data-widget_type=\"heading.default\">\n\t\t\t\t<div class=\"elementor-widget-container\">\n\t\t\t<h5 class=\"elementor-heading-title elementor-size-default\">Une Cuisine Inspir\u00e9e par la Fra\u00eecheur des Hautes Alpes\n<\/h5>\t\t<\/div>\n\t\t\t\t<\/div>\n\t\t\t\t<div class=\"elementor-element elementor-element-d72dac2 elementor-widget elementor-widget-text-editor\" data-id=\"d72dac2\" data-element_type=\"widget\" data-widget_type=\"text-editor.default\">\n\t\t\t\t<div class=\"elementor-widget-container\">\n\t\t\t\t\t\t\t<p>Chez Lait Thym Sel, la <strong>fra\u00eecheur<\/strong> est notre ma\u00eetre-mot. Nous croyons en la qualit\u00e9 des produits locaux et nous nous engageons \u00e0 vous offrir une cuisine qui refl\u00e8te la richesse et la diversit\u00e9 de notre r\u00e9gion. Chaque jour, notre \u00e9quipe de <strong>chefs passionn\u00e9s<\/strong> s\u00e9lectionne avec soin les meilleurs ingr\u00e9dients aupr\u00e8s des producteurs locaux, pour vous proposer des plats savoureux et \u00e9quilibr\u00e9s qui mettent \u00e0 l&#8217;honneur les tr\u00e9sors culinaires des Hautes Alpes.<\/p>\t\t\t\t\t\t<\/div>\n\t\t\t\t<\/div>\n\t\t\t\t<div class=\"elementor-element elementor-element-d951197 elementor-invisible elementor-widget elementor-widget-heading\" data-id=\"d951197\" data-element_type=\"widget\" data-settings=\"{&quot;_animation&quot;:&quot;fadeInRight&quot;}\" data-widget_type=\"heading.default\">\n\t\t\t\t<div class=\"elementor-widget-container\">\n\t\t\t<h5 class=\"elementor-heading-title elementor-size-default\">Un Menu Renouvel\u00e9 Chaque Jour, pour une Aventure Culinaire Sans Fin<\/h5>\t\t<\/div>\n\t\t\t\t<\/div>\n\t\t\t\t<div class=\"elementor-element elementor-element-ea99bef elementor-widget elementor-widget-text-editor\" data-id=\"ea99bef\" data-element_type=\"widget\" data-widget_type=\"text-editor.default\">\n\t\t\t\t<div class=\"elementor-widget-container\">\n\t\t\t\t\t\t\t<p>Chez Lait Thym Sel, la monotonie n&#8217;a pas sa place. <strong>Notre menu change quotidiennement<\/strong>, inspir\u00e9 par les saisons, les arrivages du march\u00e9 et la cr\u00e9ativit\u00e9 de notre \u00e9quipe de cuisine. Que vous soyez un amateur de viande, de poisson ou de plats v\u00e9g\u00e9tariens, notre carte vari\u00e9e saura combler toutes vos envies, avec des cr\u00e9ations <strong>uniques<\/strong> et des <strong>saveurs surprenantes<\/strong> qui \u00e9veilleront vos papilles \u00e0 chaque bouch\u00e9e.<\/p>\t\t\t\t\t\t<\/div>\n\t\t\t\t<\/div>\n\t\t\t\t<div class=\"elementor-element elementor-element-6fdf99a elementor-invisible elementor-widget elementor-widget-heading\" data-id=\"6fdf99a\" data-element_type=\"widget\" data-settings=\"{&quot;_animation&quot;:&quot;fadeInLeft&quot;}\" data-widget_type=\"heading.default\">\n\t\t\t\t<div class=\"elementor-widget-container\">\n\t\t\t<h5 class=\"elementor-heading-title elementor-size-default\">Une Cuisine Faite avec Passion et D\u00e9vouement\n<\/h5>\t\t<\/div>\n\t\t\t\t<\/div>\n\t\t\t\t<div class=\"elementor-element elementor-element-bfa581d elementor-widget elementor-widget-text-editor\" data-id=\"bfa581d\" data-element_type=\"widget\" data-widget_type=\"text-editor.default\">\n\t\t\t\t<div class=\"elementor-widget-container\">\n\t\t\t\t\t\t\t<p>La <strong>passion<\/strong> est le secret de notre cuisine chez Lait Thym Sel. Chaque plat est pr\u00e9par\u00e9 avec amour et attention, chaque ingr\u00e9dient est trait\u00e9 avec respect et savoir-faire artisanal. Nous croyons que la cuisine est bien plus qu&#8217;une simple alimentation ; c&#8217;est un <strong>art de vivre<\/strong>, une mani\u00e8re de partager des <strong>moments pr\u00e9cieux<\/strong> et de cr\u00e9er des <strong>souvenirs inoubliables<\/strong> autour d&#8217;une table.<\/p>\t\t\t\t\t\t<\/div>\n\t\t\t\t<\/div>\n\t\t\t\t<div class=\"elementor-element elementor-element-f5f3383 elementor-invisible elementor-widget elementor-widget-heading\" data-id=\"f5f3383\" data-element_type=\"widget\" data-settings=\"{&quot;_animation&quot;:&quot;fadeInRight&quot;}\" data-widget_type=\"heading.default\">\n\t\t\t\t<div class=\"elementor-widget-container\">\n\t\t\t<h5 class=\"elementor-heading-title elementor-size-default\">Venez Nous Rendre Visite \u00e0 Gap\n<\/h5>\t\t<\/div>\n\t\t\t\t<\/div>\n\t\t\t\t<div class=\"elementor-element elementor-element-84d4a53 elementor-widget elementor-widget-text-editor\" data-id=\"84d4a53\" data-element_type=\"widget\" data-widget_type=\"text-editor.default\">\n\t\t\t\t<div class=\"elementor-widget-container\">\n\t\t\t\t\t\t\t<p>Que vous soyez un habitant de Gap \u00e0 la recherche d&#8217;une <strong>escapade culinaire<\/strong> ou un visiteur de passage d\u00e9sireux de d\u00e9couvrir les <strong>tr\u00e9sors culinaires<\/strong> des Hautes Alpes, Lait Thym Sel vous invite \u00e0 vivre une exp\u00e9rience conviviale. Notre \u00e9quipe chaleureuse et accueillante vous attend pour vous faire d\u00e9couvrir les d\u00e9lices de notre <strong>cuisine artisanale<\/strong>, o\u00f9 chaque plat raconte une histoire et chaque repas devient une c\u00e9l\u00e9bration de la <strong>gastronomie locale<\/strong>.<\/p>\t\t\t\t\t\t<\/div>\n\t\t\t\t<\/div>\n\t\t\t\t<div class=\"elementor-element elementor-element-b53fb99 elementor-invisible elementor-widget elementor-widget-heading\" data-id=\"b53fb99\" data-element_type=\"widget\" data-settings=\"{&quot;_animation&quot;:&quot;fadeInUpShorter&quot;}\" data-widget_type=\"heading.default\">\n\t\t\t\t<div class=\"elementor-widget-container\">\n\t\t\t<h4 class=\"elementor-heading-title elementor-size-default\">Vous cherchez un traiteur pour votre \u00e9v\u00e9nement ? <\/h4>\t\t<\/div>\n\t\t\t\t<\/div>\n\t\t\t\t<div class=\"elementor-element elementor-element-8850942 elementor-align-center elementor-widget elementor-widget-button\" data-id=\"8850942\" data-element_type=\"widget\" data-widget_type=\"button.default\">\n\t\t\t\t<div class=\"elementor-widget-container\">\n\t\t\t\t\t<div class=\"elementor-button-wrapper\">\n\t\t\t<a class=\"elementor-button elementor-button-link elementor-size-sm elementor-animation-shrink\" href=\"\" target=\"_blank\">\n\t\t\t\t\t\t<span class=\"elementor-button-content-wrapper\">\n\t\t\t\t\t\t<span class=\"elementor-button-text\">D\u00e9couvrez nos prestations traiteur<\/span>\n\t\t<\/span>\n\t\t\t\t\t<\/a>\n\t\t<\/div>\n\t\t\t\t<\/div>\n\t\t\t\t<\/div>\n\t\t\t\t\t<\/div>\n\t\t\t\t<\/div>\n\t\t\t\t\t\t\t<\/div>\n\t\t","protected":false},"excerpt":{"rendered":"<p>Notre Restaurant D\u00e9couvrez Lait Thym Sel : Votre Restaurant \u00e0 Gap Votre destination culinaire \u00e0 Gap Bienvenue chez Lait Thym Sel, un havre de saveurs nich\u00e9 au c\u0153ur de Gap, [&hellip;]<\/p>\n","protected":false},"author":1,"featured_media":0,"parent":0,"menu_order":0,"comment_status":"closed","ping_status":"closed","template":"","meta":{"om_disable_all_campaigns":false,"_monsterinsights_skip_tracking":false,"_monsterinsights_sitenote_active":false,"_monsterinsights_sitenote_note":"","_monsterinsights_sitenote_category":0,"footnotes":""},"aioseo_notices":[],"_links":{"self":[{"href":"https:\/\/laitthymsel05.fr\/index.php\/wp-json\/wp\/v2\/pages\/495"}],"collection":[{"href":"https:\/\/laitthymsel05.fr\/index.php\/wp-json\/wp\/v2\/pages"}],"about":[{"href":"https:\/\/laitthymsel05.fr\/index.php\/wp-json\/wp\/v2\/types\/page"}],"author":[{"embeddable":true,"href":"https:\/\/laitthymsel05.fr\/index.php\/wp-json\/wp\/v2\/users\/1"}],"replies":[{"embeddable":true,"href":"https:\/\/laitthymsel05.fr\/index.php\/wp-json\/wp\/v2\/comments?post=495"}],"version-history":[{"count":27,"href":"https:\/\/laitthymsel05.fr\/index.php\/wp-json\/wp\/v2\/pages\/495\/revisions"}],"predecessor-version":[{"id":555,"href":"https:\/\/laitthymsel05.fr\/index.php\/wp-json\/wp\/v2\/pages\/495\/revisions\/555"}],"wp:attachment":[{"href":"https:\/\/laitthymsel05.fr\/index.php\/wp-json\/wp\/v2\/media?parent=495"}],"curies":[{"name":"wp","href":"https:\/\/api.w.org\/{rel}","templated":true}]}}