{"id":3,"date":"2023-11-09T15:42:21","date_gmt":"2023-11-09T14:42:21","guid":{"rendered":"http:\/\/laitthymsel05.fr\/?page_id=3"},"modified":"2024-02-16T12:31:55","modified_gmt":"2024-02-16T11:31:55","slug":"politique-de-confidentialite","status":"publish","type":"page","link":"https:\/\/laitthymsel05.fr\/index.php\/politique-de-confidentialite\/","title":{"rendered":"Politique de confidentialit\u00e9"},"content":{"rendered":"\t\t<div data-elementor-type=\"wp-page\" data-elementor-id=\"3\" class=\"elementor elementor-3\">\n\t\t\t\t\t\t\t<div class=\"elementor-element elementor-element-1f02caf e-flex e-con-boxed e-con e-parent\" data-id=\"1f02caf\" data-element_type=\"container\" data-settings=\"{&quot;content_width&quot;:&quot;boxed&quot;}\" data-core-v316-plus=\"true\">\n\t\t\t\t\t<div class=\"e-con-inner\">\n\t\t\t\t<div class=\"elementor-element elementor-element-a3ce48b elementor-widget elementor-widget-heading\" data-id=\"a3ce48b\" data-element_type=\"widget\" data-widget_type=\"heading.default\">\n\t\t\t\t<div class=\"elementor-widget-container\">\n\t\t\t<style>\/*! elementor - v3.17.0 - 08-11-2023 *\/\n.elementor-heading-title{padding:0;margin:0;line-height:1}.elementor-widget-heading .elementor-heading-title[class*=elementor-size-]>a{color:inherit;font-size:inherit;line-height:inherit}.elementor-widget-heading .elementor-heading-title.elementor-size-small{font-size:15px}.elementor-widget-heading .elementor-heading-title.elementor-size-medium{font-size:19px}.elementor-widget-heading .elementor-heading-title.elementor-size-large{font-size:29px}.elementor-widget-heading .elementor-heading-title.elementor-size-xl{font-size:39px}.elementor-widget-heading .elementor-heading-title.elementor-size-xxl{font-size:59px}<\/style><h2 class=\"elementor-heading-title elementor-size-default\">Mentions L\u00e9gales<\/h2>\t\t<\/div>\n\t\t\t\t<\/div>\n\t\t\t\t\t<\/div>\n\t\t\t\t<\/div>\n\t\t<div class=\"elementor-element elementor-element-1a838c2 e-flex e-con-boxed e-con e-parent\" data-id=\"1a838c2\" data-element_type=\"container\" data-settings=\"{&quot;content_width&quot;:&quot;boxed&quot;}\" data-core-v316-plus=\"true\">\n\t\t\t\t\t<div class=\"e-con-inner\">\n\t\t\t\t<div class=\"elementor-element elementor-element-7210212 elementor-widget elementor-widget-text-editor\" data-id=\"7210212\" data-element_type=\"widget\" data-widget_type=\"text-editor.default\">\n\t\t\t\t<div class=\"elementor-widget-container\">\n\t\t\t<style>\/*! elementor - v3.17.0 - 08-11-2023 *\/\n.elementor-widget-text-editor.elementor-drop-cap-view-stacked .elementor-drop-cap{background-color:#69727d;color:#fff}.elementor-widget-text-editor.elementor-drop-cap-view-framed .elementor-drop-cap{color:#69727d;border:3px solid;background-color:transparent}.elementor-widget-text-editor:not(.elementor-drop-cap-view-default) .elementor-drop-cap{margin-top:8px}.elementor-widget-text-editor:not(.elementor-drop-cap-view-default) .elementor-drop-cap-letter{width:1em;height:1em}.elementor-widget-text-editor .elementor-drop-cap{float:left;text-align:center;line-height:1;font-size:50px}.elementor-widget-text-editor .elementor-drop-cap-letter{display:inline-block}<\/style>\t\t\t\t<p>La soci\u00e9t\u00e9 <strong>Lait Thym Sel<\/strong> n\u2019enregistre pas d\u2019informations personnelles permettant l\u2019identification, \u00e0 l\u2019exception des formulaires que l\u2019utilisateur est libre de remplir. Ces informations ne seront pas utilis\u00e9es sans votre accord, nous les utiliserons seulement pour vous adresser des courriers, des brochures, des devis ou vous contacter. Les informations recueillies sur les sites b\u00e9n\u00e9ficient de la protection de la loi \u00ab Informatique et Libert\u00e9s \u00bb n\u00b0 78-17 du 06 janvier 1978. Elles b\u00e9n\u00e9ficient d\u2019un droit d\u2019acc\u00e8s, de rectification, d\u2019opposition \u00e0 communication et de suppression sur simple demande \u00e0 La soci\u00e9t\u00e9 <strong>Lait Thym Sel, 66 bd Georges Pompidou 05000 GAP<\/strong>. La soci\u00e9t\u00e9 Lait Thym Sel pourra proc\u00e9der \u00e0 des analyses statistiques sans que celles-ci soient nominatives et pourra en informer des tiers (organismes d\u2019\u00e9valuation de fr\u00e9quentation) sous une forme r\u00e9sum\u00e9e et non nominative.<\/p><p>Ce site est la propri\u00e9t\u00e9 de la soci\u00e9t\u00e9 Lait Thym Sel, num\u00e9ro SIRET 83476501800017, dont le si\u00e8ge social est situ\u00e9 66 bd Georges Pompidou 05000 GAP. La cr\u00e9ation graphique du site a \u00e9t\u00e9 r\u00e9alis\u00e9e par la soci\u00e9t\u00e9 <a href=\"https:\/\/l-et-e-communication.fr\/\" target=\"_blank\" rel=\"noopener\">L&amp;E Communication\u00a0<\/a><\/p>\t\t\t\t\t\t<\/div>\n\t\t\t\t<\/div>\n\t\t\t\t<div class=\"elementor-element elementor-element-bed5d9e elementor-widget elementor-widget-heading\" data-id=\"bed5d9e\" data-element_type=\"widget\" data-widget_type=\"heading.default\">\n\t\t\t\t<div class=\"elementor-widget-container\">\n\t\t\t<h5 class=\"elementor-heading-title elementor-size-default\">Donn\u00e9es personnelles de l\u2019utilisateur\n<\/h5>\t\t<\/div>\n\t\t\t\t<\/div>\n\t\t\t\t<div class=\"elementor-element elementor-element-7bf5d23 elementor-widget elementor-widget-text-editor\" data-id=\"7bf5d23\" data-element_type=\"widget\" data-widget_type=\"text-editor.default\">\n\t\t\t\t<div class=\"elementor-widget-container\">\n\t\t\t\t\t\t\t<p>L\u2019acc\u00e8s \u00e0 certains contenus du site <a href=\"http:\/\/www.laitthymsel05.fr\/\" target=\"_new\">http:\/\/www.laitthymsel05.fr<\/a> suppose que l\u2019utilisateur nous transmette des donn\u00e9es personnelles le concernant. Ces informations et leur nature sont indiqu\u00e9es sur la page du site qui comporte ces demandes d\u2019information. L\u2019utilisateur est inform\u00e9 que lors de ses visites sur le site <a href=\"http:\/\/laitthymsel05.fr\">http:\/\/www.laitthymsel05.fr,<\/a> un cookie peut \u00eatre implant\u00e9 dans son ordinateur. Un cookie ne permet pas d\u2019identifier l\u2019utilisateur. De mani\u00e8re g\u00e9n\u00e9rale, il enregistre des informations relatives \u00e0 la navigation de son ordinateur sur le site (les pages consult\u00e9es, la date et l\u2019heure de la consultation) qui pourront \u00eatre lues lors de ses visites ult\u00e9rieures. L\u2019utilisateur peut s\u2019opposer \u00e0 l\u2019enregistrement de cookies, ou \u00eatre pr\u00e9venu avant d\u2019accepter les cookies, en configurant son ordinateur de la mani\u00e8re suivante :<\/p>\t\t\t\t\t\t<\/div>\n\t\t\t\t<\/div>\n\t\t\t\t<div class=\"elementor-element elementor-element-7a458bc elementor-widget elementor-widget-text-editor\" data-id=\"7a458bc\" data-element_type=\"widget\" data-widget_type=\"text-editor.default\">\n\t\t\t\t<div class=\"elementor-widget-container\">\n\t\t\t\t\t\t\t<p><strong>Pour Microsoft Internet Explorer 6 et au-del\u00e0 :<\/strong> Choisissez le menu \u00bb Outils \u00bb (ou \u00bb Tools \u00ab ), puis \u00bb Options Internet \u00bb (ou \u00bb Internet Options \u00ab ) Cliquez sur l\u2019onglet \u00bb Confidentialit\u00e9 \u00bb (ou \u00bb Confidentiality \u00ab ) S\u00e9lectionnez le niveau souhait\u00e9 \u00e0 l\u2019aide du curseur ou cliquez sur le bouton \u00bb avanc\u00e9 \u00bb pour personnaliser votre gestion des cookies<\/p><p><strong> Pour Microsoft Internet Explorer 5 :<\/strong> Choisissez le menu \u00bb Outils \u00bb (ou \u00bb Tools \u00ab ), puis \u00bb Option Internet \u00bb (ou \u00bb Internet Options \u00ab ) Cliquez sur l\u2019onglet \u00bb S\u00e9curit\u00e9 \u00bb (ou \u00bb Security \u00ab ) S\u00e9lectionnez \u00bb Internet \u00bb puis \u00bb Personnaliser le niveau \u00bb (ou \u00bb Custom Level \u00ab ) Rep\u00e9rez la rubrique \u00bb cookies \u00bb et choisissez l\u2019option qui vous convient<\/p><p><strong> Pour Firefox :<\/strong> Choisissez le menu \u00bb Outils \u00ab &gt; \u00bb Options \u00ab Cliquez sur l\u2019option \u00bb Vie priv\u00e9e \u00ab Rubrique \u00bb Cookies \u00ab Pour Op\u00e9ra : Choisissez le menu \u00bb Fichier \u00ab &gt; \u00bb Pr\u00e9f\u00e9rences \u00ab Vie priv\u00e9e<\/p><p><strong>Pour Google Chrome :<\/strong> Cliquez sur l\u2019ic\u00f4ne repr\u00e9sentant une cl\u00e9 \u00e0 molette qui est situ\u00e9e dans la barre d\u2019outils du navigateur. S\u00e9lectionnez Options (Pr\u00e9f\u00e9rences sous Mac et Linux, Param\u00e8tres sur un Chromebook). Choisissez l\u2019onglet Options avanc\u00e9es. Cliquez sur l\u2019option Param\u00e8tres de contenu de la section \u00ab Confidentialit\u00e9 \u00bb. Dans la bo\u00eete de dialogue Param\u00e8tres de contenu qui s\u2019affiche, cliquez sur l\u2019onglet Cookies.<\/p><p>Les donn\u00e9es personnelles concernant l\u2019utilisateur sont destin\u00e9es \u00e0 Lait Thym Sel. L\u2019utilisateur dispose d\u2019un droit d\u2019acc\u00e8s et de rectification des donn\u00e9es personnelles communiqu\u00e9es par le biais de ce m\u00e9canisme de suivi de navigation dans les conditions indiqu\u00e9es ci-dessus. Par ailleurs, les utilisateurs sont inform\u00e9s que les donn\u00e9es les concernant font l\u2019objet d\u2019un traitement et qu\u2019ils b\u00e9n\u00e9ficient d\u2019un droit d\u2019acc\u00e8s et de rectification relativement aux donn\u00e9es qui les concernent ainsi que d\u2019un droit d\u2019information compl\u00e9mentaire. Ils peuvent exercer ces droits et obtenir communication des donn\u00e9es les concernant aupr\u00e8s de Lait Thym Sel, 66 bd Georges Pompidou 05000 GAP. En conformit\u00e9 avec les dispositions de la loi n\u00b078-17 du 6 janvier 1978 relative \u00e0 l\u2019informatique, aux fichiers et aux libert\u00e9s, les traitements de donn\u00e9es r\u00e9alis\u00e9s \u00e0 partir du site <a href=\"http:\/\/www.laitthymsel05.fr\">http:\/\/www.laitthymsel05.fr<\/a> ont fait l\u2019objet d\u2019une d\u00e9claration aupr\u00e8s de la Commission Nationale de l\u2019Informatique et des Libert\u00e9s (CNIL).<\/p>\t\t\t\t\t\t<\/div>\n\t\t\t\t<\/div>\n\t\t\t\t<div class=\"elementor-element elementor-element-63f1d79 elementor-widget elementor-widget-heading\" data-id=\"63f1d79\" data-element_type=\"widget\" data-widget_type=\"heading.default\">\n\t\t\t\t<div class=\"elementor-widget-container\">\n\t\t\t<h5 class=\"elementor-heading-title elementor-size-default\">Liens hypertextes<\/h5>\t\t<\/div>\n\t\t\t\t<\/div>\n\t\t\t\t<div class=\"elementor-element elementor-element-68da5ed elementor-widget elementor-widget-text-editor\" data-id=\"68da5ed\" data-element_type=\"widget\" data-widget_type=\"text-editor.default\">\n\t\t\t\t<div class=\"elementor-widget-container\">\n\t\t\t\t\t\t\t<p>La soci\u00e9t\u00e9 Lait Thym Sel ne contr\u00f4le pas les sites en connexion avec le sien, et ne saurait donc \u00eatre responsable de leur contenu. Les risques li\u00e9s \u00e0 l\u2019utilisation de ces sites incombent pleinement \u00e0 l\u2019utilisateur. Il se conformera \u00e0 leurs conditions d\u2019utilisation.<\/p>\t\t\t\t\t\t<\/div>\n\t\t\t\t<\/div>\n\t\t\t\t<div class=\"elementor-element elementor-element-da07e78 elementor-widget elementor-widget-heading\" data-id=\"da07e78\" data-element_type=\"widget\" data-widget_type=\"heading.default\">\n\t\t\t\t<div class=\"elementor-widget-container\">\n\t\t\t<h5 class=\"elementor-heading-title elementor-size-default\">Editeur <\/h5>\t\t<\/div>\n\t\t\t\t<\/div>\n\t\t\t\t<div class=\"elementor-element elementor-element-103de8e elementor-widget elementor-widget-text-editor\" data-id=\"103de8e\" data-element_type=\"widget\" data-widget_type=\"text-editor.default\">\n\t\t\t\t<div class=\"elementor-widget-container\">\n\t\t\t\t\t\t\t<p>La soci\u00e9t\u00e9 Lait Thym Sel<br \/>RCS Ville tribunal : Gap B 834 765 018<br \/>Si\u00e8ge social : 66 bd Georges Pompidou 05000 GAP.<br \/>N\u00b0 de t\u00e9l\u00e9phone : 04 13 38 54 17<br \/>Directeur de la publication : La soci\u00e9t\u00e9 Lait Thym Sel<\/p>\t\t\t\t\t\t<\/div>\n\t\t\t\t<\/div>\n\t\t\t\t<div class=\"elementor-element elementor-element-767c32d elementor-widget elementor-widget-heading\" data-id=\"767c32d\" data-element_type=\"widget\" data-widget_type=\"heading.default\">\n\t\t\t\t<div class=\"elementor-widget-container\">\n\t\t\t<h5 class=\"elementor-heading-title elementor-size-default\">H\u00e9bergement <\/h5>\t\t<\/div>\n\t\t\t\t<\/div>\n\t\t\t\t<div class=\"elementor-element elementor-element-bda4ed4 elementor-widget elementor-widget-text-editor\" data-id=\"bda4ed4\" data-element_type=\"widget\" data-widget_type=\"text-editor.default\">\n\t\t\t\t<div class=\"elementor-widget-container\">\n\t\t\t\t\t\t\t<p>HOSTINGER<br \/><a href=\"https:\/\/www.hostinger.fr\/\">www.hostinger.fr\u00a0<\/a><\/p><p>\u00a0<\/p>\t\t\t\t\t\t<\/div>\n\t\t\t\t<\/div>\n\t\t\t\t\t<\/div>\n\t\t\t\t<\/div>\n\t\t\t\t\t\t\t<\/div>\n\t\t","protected":false},"excerpt":{"rendered":"<p>Mentions L\u00e9gales La soci\u00e9t\u00e9 Lait Thym Sel n\u2019enregistre pas d\u2019informations personnelles permettant l\u2019identification, \u00e0 l\u2019exception des formulaires que l\u2019utilisateur est libre de remplir. Ces informations ne seront pas utilis\u00e9es sans [&hellip;]<\/p>\n","protected":false},"author":1,"featured_media":0,"parent":0,"menu_order":0,"comment_status":"closed","ping_status":"open","template":"","meta":{"om_disable_all_campaigns":false,"_monsterinsights_skip_tracking":false,"_monsterinsights_sitenote_active":false,"_monsterinsights_sitenote_note":"","_monsterinsights_sitenote_category":0,"footnotes":""},"aioseo_notices":[],"_links":{"self":[{"href":"https:\/\/laitthymsel05.fr\/index.php\/wp-json\/wp\/v2\/pages\/3"}],"collection":[{"href":"https:\/\/laitthymsel05.fr\/index.php\/wp-json\/wp\/v2\/pages"}],"about":[{"href":"https:\/\/laitthymsel05.fr\/index.php\/wp-json\/wp\/v2\/types\/page"}],"author":[{"embeddable":true,"href":"https:\/\/laitthymsel05.fr\/index.php\/wp-json\/wp\/v2\/users\/1"}],"replies":[{"embeddable":true,"href":"https:\/\/laitthymsel05.fr\/index.php\/wp-json\/wp\/v2\/comments?post=3"}],"version-history":[{"count":4,"href":"https:\/\/laitthymsel05.fr\/index.php\/wp-json\/wp\/v2\/pages\/3\/revisions"}],"predecessor-version":[{"id":577,"href":"https:\/\/laitthymsel05.fr\/index.php\/wp-json\/wp\/v2\/pages\/3\/revisions\/577"}],"wp:attachment":[{"href":"https:\/\/laitthymsel05.fr\/index.php\/wp-json\/wp\/v2\/media?parent=3"}],"curies":[{"name":"wp","href":"https:\/\/api.w.org\/{rel}","templated":true}]}}